{"id":5,"date":"2016-10-04T15:37:45","date_gmt":"2016-10-04T15:37:45","guid":{"rendered":"http:\/\/rund-ums-jahr.de\/?page_id=5"},"modified":"2023-02-04T16:57:50","modified_gmt":"2023-02-04T16:57:50","slug":"startseite","status":"publish","type":"page","link":"https:\/\/rund-ums-jahr.de\/","title":{"rendered":"Startseite"},"content":{"rendered":"\n<p><b>Herzlich Willkommen auf&nbsp;meiner Homepage!<\/b><\/p>\n\n\n\n<p>Ich&nbsp;freue&nbsp;mich sehr, dass Sie den virtuellen Weg zu&nbsp;mir gefunden haben!<\/p>\n\n\n\n<p>Auf&nbsp;meiner Internetseite&nbsp;finden Sie demn\u00e4chst alles rund ums Jahr.<\/p>\n\n\n\n<p>Klicken Sie sich einfach von Thema zu Thema \u2013 bestimmt interessiert Sie das eine oder andere besonders. Dann finden Sie auf der entsprechenden Seite immer noch detailliertere Informationen.<\/p>\n\n\n\n<p>Und \u2013&nbsp;ich w\u00fcrde gerne wissen, was Sie von&nbsp;meiner Internetpr\u00e4senz halten. Vermissen Sie noch etwas Bestimmtes?&nbsp;Ich freue mich \u00fcber Kritik und Anregungen von allen Besucherinnen und Besuchern. Schicken Sie mir doch einfach eine E-Mail an die unter Kontakt&nbsp;angegebene Adresse.<\/p>\n\n\n\n<p class=\"has-small-font-size\"><em><span style=\"color:#ff0000\" class=\"has-inline-color\">Durch die weitere Nutzung der Webseite stimmen Sie der Verwendung von Cookies zu.<\/span><\/em><\/p>\n\n\n\n<p class=\"has-text-color has-small-font-size\" style=\"color:#ff0000\"><em><span style=\"color:#ff0000\" class=\"has-inline-color\">Kein Cookie-Banner?<br>Dann verwenden Sie einen veralteten Browser.<br>Wir empfehlen Apple Safari, Google Chrome, Microsoft Edge &amp; Mozilla Firefox.<\/span><\/em><br><em><span style=\"color:#ff0000\" class=\"has-inline-color\">Der Internet Explorer 11 wird nicht l\u00e4nger unterst\u00fctzt.<\/span><\/em><\/p>\n\n\n\n<p class=\"has-text-color has-small-font-size\" style=\"color:#ff0000\"><em><span style=\"color:#ff0000\" class=\"has-inline-color\">Auf unserer Webseite sind unter anderem Tools von Unternehmen mit Sitz in den USA eingebunden. Dies dient dem Schutz unserer Webseite vor unerw\u00fcnschten Zugriffen oder b\u00f6sartigen Cyberattacken.<\/span><\/em><\/p>\n\n\n\n<hr class=\"wp-block-separator has-css-opacity\"\/>\n\n\n\n<h6 class=\"wp-block-heading\">Letzte \u00c4nderung: 04.02.2023 |+|<\/h6>\n\n\n\n<div id=\"sitelock_shield_logo\" class=\"fixed_btm\" style=\"bottom:0;position:fixed;_position:absolute;right:0;\"> <a href=\"https:\/\/www.sitelock.com\/verify.php?site=rund-ums-jahr.de\" onclick=\"window.open('https:\/\/www.sitelock.com\/verify.php?site=rund-ums-jahr.de','SiteLock','width=600,height=600,left=160,top=170');return false;\"><img decoding=\"async\" alt=\"malware removal and website security\" title=\"SiteLock\" src=\"\/\/shield.sitelock.com\/shield\/rund-ums-jahr.de\"><\/a><\/div>\n\n\n\n<p><\/p>\n","protected":false},"excerpt":{"rendered":"<p>Herzlich Willkommen auf&nbsp;meiner Homepage! Ich&nbsp;freue&nbsp;mich sehr, dass Sie den virtuellen Weg zu&nbsp;mir gefunden haben! Auf&nbsp;meiner Internetseite&nbsp;finden Sie demn\u00e4chst alles rund ums Jahr. Klicken Sie sich einfach von Thema zu Thema \u2013 bestimmt interessiert Sie das eine oder andere besonders. Dann &hellip; <a href=\"https:\/\/rund-ums-jahr.de\/\">Weiterlesen <span class=\"meta-nav\">&rarr;<\/span><\/a><\/p>\n","protected":false},"author":1,"featured_media":0,"parent":0,"menu_order":0,"comment_status":"closed","ping_status":"closed","template":"","meta":{"footnotes":""},"class_list":["post-5","page","type-page","status-publish","hentry"],"_links":{"self":[{"href":"https:\/\/rund-ums-jahr.de\/index.php?rest_route=\/wp\/v2\/pages\/5","targetHints":{"allow":["GET"]}}],"collection":[{"href":"https:\/\/rund-ums-jahr.de\/index.php?rest_route=\/wp\/v2\/pages"}],"about":[{"href":"https:\/\/rund-ums-jahr.de\/index.php?rest_route=\/wp\/v2\/types\/page"}],"author":[{"embeddable":true,"href":"https:\/\/rund-ums-jahr.de\/index.php?rest_route=\/wp\/v2\/users\/1"}],"replies":[{"embeddable":true,"href":"https:\/\/rund-ums-jahr.de\/index.php?rest_route=%2Fwp%2Fv2%2Fcomments&post=5"}],"version-history":[{"count":0,"href":"https:\/\/rund-ums-jahr.de\/index.php?rest_route=\/wp\/v2\/pages\/5\/revisions"}],"wp:attachment":[{"href":"https:\/\/rund-ums-jahr.de\/index.php?rest_route=%2Fwp%2Fv2%2Fmedia&parent=5"}],"curies":[{"name":"wp","href":"https:\/\/api.w.org\/{rel}","templated":true}]}}